{"id":1308,"date":"2021-02-14T15:17:41","date_gmt":"2021-02-14T15:17:41","guid":{"rendered":"http:\/\/stuffinocrisan.ro\/?page_id=1308"},"modified":"2025-03-24T07:27:39","modified_gmt":"2025-03-24T07:27:39","slug":"servicii-de-masa","status":"publish","type":"page","link":"https:\/\/stuffinocrisan.ro\/en\/meal-services\/","title":{"rendered":"Meal services"},"content":{"rendered":"<div data-elementor-type=\"wp-page\" data-elementor-id=\"1308\" class=\"elementor elementor-1308\" data-elementor-settings=\"[]\">\n\t\t\t\t\t\t<div class=\"elementor-inner\">\n\t\t\t\t\t\t\t<div class=\"elementor-section-wrap\">\n\t\t\t\t\t\t\t<section class=\"ob-is-breaking-bad elementor-section elementor-top-section elementor-element elementor-element-8656213 elementor-section-height-min-height elementor-section-boxed elementor-section-height-default elementor-section-items-middle\" data-id=\"8656213\" data-element_type=\"section\" data-settings=\"{&quot;_ob_bbad_use_it&quot;:&quot;yes&quot;,&quot;_ob_bbad_sssic_use&quot;:&quot;no&quot;,&quot;_ob_glider_is_slider&quot;:&quot;no&quot;}\">\n\t\t\t\t\t\t<div class=\"elementor-container elementor-column-gap-default\">\n\t\t\t\t\t\t\t<div class=\"elementor-row\">\n\t\t\t\t\t<div class=\"elementor-column elementor-col-100 elementor-top-column elementor-element elementor-element-d83a3aa\" data-id=\"d83a3aa\" data-element_type=\"column\" data-settings=\"{&quot;_ob_bbad_is_stalker&quot;:&quot;no&quot;,&quot;_ob_teleporter_use&quot;:false,&quot;_ob_column_hoveranimator&quot;:&quot;no&quot;,&quot;_ob_column_has_pseudo&quot;:&quot;no&quot;}\">\n\t\t\t<div class=\"elementor-column-wrap elementor-element-populated\">\n\t\t\t\t\t\t\t<div class=\"elementor-widget-wrap\">\n\t\t\t\t\t\t<div class=\"elementor-element elementor-element-9c80958 ob-harakiri-inherit ob-has-background-overlay elementor-widget elementor-widget-heading\" data-id=\"9c80958\" data-element_type=\"widget\" data-settings=\"{&quot;_ob_harakiri_writing_mode&quot;:&quot;inherit&quot;,&quot;_ob_perspektive_use&quot;:&quot;no&quot;,&quot;_ob_poopart_use&quot;:&quot;yes&quot;,&quot;_ob_shadough_use&quot;:&quot;no&quot;,&quot;_ob_allow_hoveranimator&quot;:&quot;no&quot;,&quot;_ob_widget_stalker_use&quot;:&quot;no&quot;}\" data-widget_type=\"heading.default\">\n\t\t\t\t<div class=\"elementor-widget-container\">\n\t\t\t<h2 class=\"elementor-heading-title elementor-size-default\">Meal services<\/h2>\t\t<\/div>\n\t\t\t\t<\/div>\n\t\t\t\t\t\t<\/div>\n\t\t\t\t\t<\/div>\n\t\t<\/div>\n\t\t\t\t\t\t\t\t<\/div>\n\t\t\t\t\t<\/div>\n\t\t<\/section>\n\t\t\t\t<section class=\"ob-is-breaking-bad elementor-section elementor-top-section elementor-element elementor-element-2640f30 elementor-section-boxed elementor-section-height-default elementor-section-height-default\" data-id=\"2640f30\" data-element_type=\"section\" data-settings=\"{&quot;_ob_bbad_use_it&quot;:&quot;yes&quot;,&quot;_ob_bbad_sssic_use&quot;:&quot;no&quot;,&quot;_ob_glider_is_slider&quot;:&quot;no&quot;}\">\n\t\t\t\t\t\t<div class=\"elementor-container elementor-column-gap-default\">\n\t\t\t\t\t\t\t<div class=\"elementor-row\">\n\t\t\t\t\t<div class=\"elementor-column elementor-col-100 elementor-top-column elementor-element elementor-element-b501227\" data-id=\"b501227\" data-element_type=\"column\" data-settings=\"{&quot;_ob_bbad_is_stalker&quot;:&quot;no&quot;,&quot;_ob_teleporter_use&quot;:false,&quot;_ob_column_hoveranimator&quot;:&quot;no&quot;,&quot;_ob_column_has_pseudo&quot;:&quot;no&quot;}\">\n\t\t\t<div class=\"elementor-column-wrap elementor-element-populated\">\n\t\t\t\t\t\t\t<div class=\"elementor-widget-wrap\">\n\t\t\t\t\t\t<div class=\"elementor-element elementor-element-455774d elementor-widget-divider--view-line ob-has-background-overlay elementor-widget elementor-widget-divider\" data-id=\"455774d\" data-element_type=\"widget\" data-settings=\"{&quot;_ob_perspektive_use&quot;:&quot;no&quot;,&quot;_ob_poopart_use&quot;:&quot;yes&quot;,&quot;_ob_shadough_use&quot;:&quot;no&quot;,&quot;_ob_allow_hoveranimator&quot;:&quot;no&quot;,&quot;_ob_widget_stalker_use&quot;:&quot;no&quot;}\" data-widget_type=\"divider.default\">\n\t\t\t\t<div class=\"elementor-widget-container\">\n\t\t\t\t\t<div class=\"elementor-divider\">\n\t\t\t<span class=\"elementor-divider-separator\">\n\t\t\t\t\t\t<\/span>\n\t\t<\/div>\n\t\t\t\t<\/div>\n\t\t\t\t<\/div>\n\t\t\t\t<div class=\"elementor-element elementor-element-20f0b1d ob-harakiri-inherit ob-has-background-overlay elementor-widget elementor-widget-text-editor\" data-id=\"20f0b1d\" data-element_type=\"widget\" data-settings=\"{&quot;_ob_harakiri_writing_mode&quot;:&quot;inherit&quot;,&quot;_ob_perspektive_use&quot;:&quot;no&quot;,&quot;_ob_poopart_use&quot;:&quot;yes&quot;,&quot;_ob_shadough_use&quot;:&quot;no&quot;,&quot;_ob_allow_hoveranimator&quot;:&quot;no&quot;,&quot;_ob_widget_stalker_use&quot;:&quot;no&quot;}\" data-widget_type=\"text-editor.default\">\n\t\t\t\t<div class=\"elementor-widget-container\">\n\t\t\t\t\t\t\t\t<div class=\"elementor-text-editor elementor-clearfix\">\n\t\t\t\t<h1 style=\"text-align: left;\"><span style=\"color: #000080;\"><strong>\u00a0 Oferta speciala &#8211; cazare cu mic dejun si pranz incluse !\u00a0<\/strong><\/span><\/h1><h1 style=\"text-align: left;\"><span style=\"color: #0000ff;\">\u00a0 \u00a0 \u00a0Tarif:\u00a0<\/span><span style=\"color: #000080;\"> <span style=\"color: #0000ff;\">280 lei \/ zi \/ persoana<\/span><\/span><\/h1><h2><span style=\"color: #000080;\">&#8211; Mic dejun continental cu specific pescaresc &#8211; servit intre orele 07.00 &#8211; 10.00<\/span><\/h2><h2><span style=\"color: #000080;\">&#8211; Pranz servit tarziu ce include ciorbe pescaresti, fel principal cu peste local si desert delicios &#8211; servit intre orele 17.00 &#8211; 19.00<\/span><\/h2><p><strong>Precizari:\u00a0<\/strong><\/p><ul><li>Pentru cazari de minim 4 nopti consecutive se acorda o reducere suplimentara.\u00a0 Tarif 260 lei\/ zi\/ pers.<\/li><li>Pentru cazarea in regim SINGLE se achita o taxa suplimentara de 150 lei \/ noapte.<\/li><li>Copiii cu varsta pana la 6 ani se pot caza gratuit impreuna cu parintii.<\/li><li>Copiii cu varsta cuprinsa intre 6 si 14 ani vor achita jumatate din pret. Acestia se pot caza in aceeasi camera cu parintii, folosind acelasi pat sau se poate solicita la cerere montarea unui pat suplimentar in camera.<\/li><li>Copiii cu varsta de peste la 14 ani vor achita tariful integral.\u00a0<\/li><\/ul><p>Activitatile desfasurate pe timpul zilei, excursii, pescuit sportiv, explorarea naturii cu caiacul sau altele, se pliaza perfect pe acest program. Din experienta noastra avuta pana acum cu turistii nostri, va putem spune ca sunt mai mult decat suficiente 2 mese pe zi. Mesele servite la noi sunt bogate, abundente, delicioase. Va vom servi in fiecare zi, mancaruri variate cu specific pescaresc, gatit din peste proaspat, bine ales din plasele pescarilor, astfel incat sa aveti o experienta cat mai bogata cu bunatatile preparate in bucataria noastra.<\/p>\t\t\t\t\t<\/div>\n\t\t\t\t\t\t<\/div>\n\t\t\t\t<\/div>\n\t\t\t\t<div class=\"elementor-element elementor-element-c2c5872 elementor-widget-divider--view-line ob-has-background-overlay elementor-widget elementor-widget-divider\" data-id=\"c2c5872\" data-element_type=\"widget\" data-settings=\"{&quot;_ob_perspektive_use&quot;:&quot;no&quot;,&quot;_ob_poopart_use&quot;:&quot;yes&quot;,&quot;_ob_shadough_use&quot;:&quot;no&quot;,&quot;_ob_allow_hoveranimator&quot;:&quot;no&quot;,&quot;_ob_widget_stalker_use&quot;:&quot;no&quot;}\" data-widget_type=\"divider.default\">\n\t\t\t\t<div class=\"elementor-widget-container\">\n\t\t\t\t\t<div class=\"elementor-divider\">\n\t\t\t<span class=\"elementor-divider-separator\">\n\t\t\t\t\t\t<\/span>\n\t\t<\/div>\n\t\t\t\t<\/div>\n\t\t\t\t<\/div>\n\t\t\t\t<div class=\"elementor-element elementor-element-e45d76b ob-harakiri-inherit ob-has-background-overlay elementor-widget elementor-widget-text-editor\" data-id=\"e45d76b\" data-element_type=\"widget\" data-settings=\"{&quot;_ob_harakiri_writing_mode&quot;:&quot;inherit&quot;,&quot;_ob_perspektive_use&quot;:&quot;no&quot;,&quot;_ob_poopart_use&quot;:&quot;yes&quot;,&quot;_ob_shadough_use&quot;:&quot;no&quot;,&quot;_ob_allow_hoveranimator&quot;:&quot;no&quot;,&quot;_ob_widget_stalker_use&quot;:&quot;no&quot;}\" data-widget_type=\"text-editor.default\">\n\t\t\t\t<div class=\"elementor-widget-container\">\n\t\t\t\t\t\t\t\t<div class=\"elementor-text-editor elementor-clearfix\">\n\t\t\t\t<h3><span style=\"color: #000080;\"><strong>Stuffino Cri\u0219an ofer\u0103 oaspe\u021bilor caza\u021bi \u00een loca\u021bia noastr\u0103 posibilitatea de a servi diverse meniuri specifice zonei.<\/strong><\/span><\/h3><h4><span style=\"color: #000080;\">Zilnic puteti servi meniul zilei bazat pe specialitati din peste specific zonei.<\/span><\/h4><p><strong>Nu putem prepara produse a la carte sau cu alt specific, unitatea noastra fiind aprovizionata in special cu produse pescaresti.<\/strong><\/p>\t\t\t\t\t<\/div>\n\t\t\t\t\t\t<\/div>\n\t\t\t\t<\/div>\n\t\t\t\t<div class=\"elementor-element elementor-element-a833bb0 elementor-widget-divider--view-line ob-has-background-overlay elementor-widget elementor-widget-divider\" data-id=\"a833bb0\" data-element_type=\"widget\" data-settings=\"{&quot;_ob_perspektive_use&quot;:&quot;no&quot;,&quot;_ob_poopart_use&quot;:&quot;yes&quot;,&quot;_ob_shadough_use&quot;:&quot;no&quot;,&quot;_ob_allow_hoveranimator&quot;:&quot;no&quot;,&quot;_ob_widget_stalker_use&quot;:&quot;no&quot;}\" data-widget_type=\"divider.default\">\n\t\t\t\t<div class=\"elementor-widget-container\">\n\t\t\t\t\t<div class=\"elementor-divider\">\n\t\t\t<span class=\"elementor-divider-separator\">\n\t\t\t\t\t\t<\/span>\n\t\t<\/div>\n\t\t\t\t<\/div>\n\t\t\t\t<\/div>\n\t\t\t\t\t\t<\/div>\n\t\t\t\t\t<\/div>\n\t\t<\/div>\n\t\t\t\t\t\t\t\t<\/div>\n\t\t\t\t\t<\/div>\n\t\t<\/section>\n\t\t\t\t<section class=\"ob-is-breaking-bad elementor-section elementor-top-section elementor-element elementor-element-79ef1f0 elementor-section-boxed elementor-section-height-default elementor-section-height-default\" data-id=\"79ef1f0\" data-element_type=\"section\" data-settings=\"{&quot;_ob_bbad_use_it&quot;:&quot;yes&quot;,&quot;_ob_bbad_sssic_use&quot;:&quot;no&quot;,&quot;_ob_glider_is_slider&quot;:&quot;no&quot;}\">\n\t\t\t\t\t\t<div class=\"elementor-container elementor-column-gap-default\">\n\t\t\t\t\t\t\t<div class=\"elementor-row\">\n\t\t\t\t\t<div class=\"elementor-column elementor-col-50 elementor-top-column elementor-element elementor-element-b229ef8\" data-id=\"b229ef8\" data-element_type=\"column\" data-settings=\"{&quot;_ob_bbad_is_stalker&quot;:&quot;no&quot;,&quot;_ob_teleporter_use&quot;:false,&quot;_ob_column_hoveranimator&quot;:&quot;no&quot;,&quot;_ob_column_has_pseudo&quot;:&quot;no&quot;}\">\n\t\t\t<div class=\"elementor-column-wrap elementor-element-populated\">\n\t\t\t\t\t\t\t<div class=\"elementor-widget-wrap\">\n\t\t\t\t\t\t<div class=\"elementor-element elementor-element-1a0bc62 ob-harakiri-inherit ob-has-background-overlay elementor-widget elementor-widget-text-editor\" data-id=\"1a0bc62\" data-element_type=\"widget\" data-settings=\"{&quot;_ob_harakiri_writing_mode&quot;:&quot;inherit&quot;,&quot;_ob_perspektive_use&quot;:&quot;no&quot;,&quot;_ob_poopart_use&quot;:&quot;yes&quot;,&quot;_ob_shadough_use&quot;:&quot;no&quot;,&quot;_ob_allow_hoveranimator&quot;:&quot;no&quot;,&quot;_ob_widget_stalker_use&quot;:&quot;no&quot;}\" data-widget_type=\"text-editor.default\">\n\t\t\t\t<div class=\"elementor-widget-container\">\n\t\t\t\t\t\t\t\t<div class=\"elementor-text-editor elementor-clearfix\">\n\t\t\t\t<h1><span style=\"color: #000080;\"><strong>* Micul dejun poate fi servit \u00eentre orele 07.00 \u2013 10.00<\/strong><\/span><\/h1><p>Incarca-te de energie cu un mic dejun copios, cu produse proaspete, preparate de calitate si specialitati cu specific pescaresc, iar cafeaua este din partea casei.<\/p><h1><strong><span style=\"color: #000080;\">40 lei \/<\/span> <span style=\"color: #000080;\">persoan\u0103.<\/span><\/strong><\/h1>\t\t\t\t\t<\/div>\n\t\t\t\t\t\t<\/div>\n\t\t\t\t<\/div>\n\t\t\t\t<div class=\"elementor-element elementor-element-4ab6c1e elementor-widget-divider--view-line ob-has-background-overlay elementor-widget elementor-widget-divider\" data-id=\"4ab6c1e\" data-element_type=\"widget\" data-settings=\"{&quot;_ob_perspektive_use&quot;:&quot;no&quot;,&quot;_ob_poopart_use&quot;:&quot;yes&quot;,&quot;_ob_shadough_use&quot;:&quot;no&quot;,&quot;_ob_allow_hoveranimator&quot;:&quot;no&quot;,&quot;_ob_widget_stalker_use&quot;:&quot;no&quot;}\" data-widget_type=\"divider.default\">\n\t\t\t\t<div class=\"elementor-widget-container\">\n\t\t\t\t\t<div class=\"elementor-divider\">\n\t\t\t<span class=\"elementor-divider-separator\">\n\t\t\t\t\t\t<\/span>\n\t\t<\/div>\n\t\t\t\t<\/div>\n\t\t\t\t<\/div>\n\t\t\t\t<div class=\"elementor-element elementor-element-9ddb79a ob-harakiri-inherit ob-has-background-overlay elementor-widget elementor-widget-text-editor\" data-id=\"9ddb79a\" data-element_type=\"widget\" data-settings=\"{&quot;_ob_harakiri_writing_mode&quot;:&quot;inherit&quot;,&quot;_ob_perspektive_use&quot;:&quot;no&quot;,&quot;_ob_poopart_use&quot;:&quot;yes&quot;,&quot;_ob_shadough_use&quot;:&quot;no&quot;,&quot;_ob_allow_hoveranimator&quot;:&quot;no&quot;,&quot;_ob_widget_stalker_use&quot;:&quot;no&quot;}\" data-widget_type=\"text-editor.default\">\n\t\t\t\t<div class=\"elementor-widget-container\">\n\t\t\t\t\t\t\t\t<div class=\"elementor-text-editor elementor-clearfix\">\n\t\t\t\t<h1><span style=\"color: #000080;\"><strong>* Masa principala poate fi servit\u0103 \u00eentre orele 17.00 \u2013 19.00<\/strong><\/span><\/h1><p>Promovam specificul traditional din Delta Dunarii, preparatele noastre sunt bazate in primul rand pe peste, din ingrediente 100% naturale.<\/p><p>Preg\u0103tim o mas\u0103 copioas\u0103 tip &#8222;Meniul zilei&#8221; cu ciorb\u0103 de peste servit\u0103 ca la noi, \u00een Delta Dun\u0103rii, fel principal tot pe baz\u0103 de pe\u0219te \u0219i desert delicios.<\/p><p>Regaseste si bucura-te de savoarea preparatelor traditionale lipovenesti intr-o atmosfera familiala si relaxata.<\/p><h1><span style=\"color: #000080;\"><strong>100 lei \/ persoan\u0103<\/strong><\/span><\/h1>\t\t\t\t\t<\/div>\n\t\t\t\t\t\t<\/div>\n\t\t\t\t<\/div>\n\t\t\t\t<div class=\"elementor-element elementor-element-fc8a8ad elementor-widget-divider--view-line ob-has-background-overlay elementor-widget elementor-widget-divider\" data-id=\"fc8a8ad\" data-element_type=\"widget\" data-settings=\"{&quot;_ob_perspektive_use&quot;:&quot;no&quot;,&quot;_ob_poopart_use&quot;:&quot;yes&quot;,&quot;_ob_shadough_use&quot;:&quot;no&quot;,&quot;_ob_allow_hoveranimator&quot;:&quot;no&quot;,&quot;_ob_widget_stalker_use&quot;:&quot;no&quot;}\" data-widget_type=\"divider.default\">\n\t\t\t\t<div class=\"elementor-widget-container\">\n\t\t\t\t\t<div class=\"elementor-divider\">\n\t\t\t<span class=\"elementor-divider-separator\">\n\t\t\t\t\t\t<\/span>\n\t\t<\/div>\n\t\t\t\t<\/div>\n\t\t\t\t<\/div>\n\t\t\t\t<div class=\"elementor-element elementor-element-27c683f ob-harakiri-inherit ob-has-background-overlay elementor-widget elementor-widget-text-editor\" data-id=\"27c683f\" data-element_type=\"widget\" data-settings=\"{&quot;_ob_harakiri_writing_mode&quot;:&quot;inherit&quot;,&quot;_ob_perspektive_use&quot;:&quot;no&quot;,&quot;_ob_poopart_use&quot;:&quot;yes&quot;,&quot;_ob_shadough_use&quot;:&quot;no&quot;,&quot;_ob_allow_hoveranimator&quot;:&quot;no&quot;,&quot;_ob_widget_stalker_use&quot;:&quot;no&quot;}\" data-widget_type=\"text-editor.default\">\n\t\t\t\t<div class=\"elementor-widget-container\">\n\t\t\t\t\t\t\t\t<div class=\"elementor-text-editor elementor-clearfix\">\n\t\t\t\t<h1><span style=\"color: #000080;\"><strong>* Platou rece tradi\u021bional &#8211; Produse pescaresti<\/strong><\/span><\/h1><p>Pregatit doar cu produse naturale, locale, pentru 2\u00a0 persoane cu<br \/>preparate din pe\u0219te afumat, pe\u0219te marinat, icre, zacusc\u0103 de pe\u0219te.<\/p><h1><span style=\"color: #000080;\"><strong>Pre\u021b 150 lei \/ platou.<\/strong><\/span><\/h1>\t\t\t\t\t<\/div>\n\t\t\t\t\t\t<\/div>\n\t\t\t\t<\/div>\n\t\t\t\t<div class=\"elementor-element elementor-element-500a6e8 elementor-widget-divider--view-line ob-has-background-overlay elementor-widget elementor-widget-divider\" data-id=\"500a6e8\" data-element_type=\"widget\" data-settings=\"{&quot;_ob_perspektive_use&quot;:&quot;no&quot;,&quot;_ob_poopart_use&quot;:&quot;yes&quot;,&quot;_ob_shadough_use&quot;:&quot;no&quot;,&quot;_ob_allow_hoveranimator&quot;:&quot;no&quot;,&quot;_ob_widget_stalker_use&quot;:&quot;no&quot;}\" data-widget_type=\"divider.default\">\n\t\t\t\t<div class=\"elementor-widget-container\">\n\t\t\t\t\t<div class=\"elementor-divider\">\n\t\t\t<span class=\"elementor-divider-separator\">\n\t\t\t\t\t\t<\/span>\n\t\t<\/div>\n\t\t\t\t<\/div>\n\t\t\t\t<\/div>\n\t\t\t\t<div class=\"elementor-element elementor-element-62aa165 ob-harakiri-inherit ob-has-background-overlay elementor-widget elementor-widget-text-editor\" data-id=\"62aa165\" data-element_type=\"widget\" data-settings=\"{&quot;_ob_harakiri_writing_mode&quot;:&quot;inherit&quot;,&quot;_ob_perspektive_use&quot;:&quot;no&quot;,&quot;_ob_poopart_use&quot;:&quot;yes&quot;,&quot;_ob_shadough_use&quot;:&quot;no&quot;,&quot;_ob_allow_hoveranimator&quot;:&quot;no&quot;,&quot;_ob_widget_stalker_use&quot;:&quot;no&quot;}\" data-widget_type=\"text-editor.default\">\n\t\t\t\t<div class=\"elementor-widget-container\">\n\t\t\t\t\t\t\t\t<div class=\"elementor-text-editor elementor-clearfix\">\n\t\t\t\t<h2><span style=\"color: #000080;\">*\u00a0 Persoanele care doresc sa serveasca masa in cadrul unitatii noastre sunt rugati sa ne anunte cu o zi inainte ce tipuri\u00a0 de masa doresc sa serveasca a doua zi.\u00a0<\/span><\/h2><h2><span style=\"color: #000080;\">Nu gatim decat pentru turistii cazati in unitatea noastra.\u00a0 <\/span><\/h2><h2><span style=\"color: #000080;\">Mesele sunt gatite proaspat, zilnic, doar la cerere si din acest motiv\u00a0 nu facem portii suplimentare.<\/span><\/h2>\t\t\t\t\t<\/div>\n\t\t\t\t\t\t<\/div>\n\t\t\t\t<\/div>\n\t\t\t\t\t\t<\/div>\n\t\t\t\t\t<\/div>\n\t\t<\/div>\n\t\t\t\t<div class=\"elementor-column elementor-col-50 elementor-top-column elementor-element elementor-element-1b08d1a\" data-id=\"1b08d1a\" data-element_type=\"column\" data-settings=\"{&quot;_ob_bbad_is_stalker&quot;:&quot;no&quot;,&quot;_ob_teleporter_use&quot;:false,&quot;_ob_column_hoveranimator&quot;:&quot;no&quot;,&quot;_ob_column_has_pseudo&quot;:&quot;no&quot;}\">\n\t\t\t<div class=\"elementor-column-wrap elementor-element-populated\">\n\t\t\t\t\t\t\t<div class=\"elementor-widget-wrap\">\n\t\t\t\t\t\t<div class=\"elementor-element elementor-element-fc33256 ob-has-background-overlay elementor-widget elementor-widget-gallery\" data-id=\"fc33256\" data-element_type=\"widget\" data-settings=\"{&quot;columns&quot;:2,&quot;columns_tablet&quot;:3,&quot;columns_mobile&quot;:2,&quot;gap&quot;:{&quot;unit&quot;:&quot;px&quot;,&quot;size&quot;:2,&quot;sizes&quot;:[]},&quot;gap_tablet&quot;:{&quot;unit&quot;:&quot;px&quot;,&quot;size&quot;:2,&quot;sizes&quot;:[]},&quot;gap_mobile&quot;:{&quot;unit&quot;:&quot;px&quot;,&quot;size&quot;:2,&quot;sizes&quot;:[]},&quot;aspect_ratio&quot;:&quot;1:1&quot;,&quot;lazyload&quot;:&quot;yes&quot;,&quot;gallery_layout&quot;:&quot;grid&quot;,&quot;link_to&quot;:&quot;file&quot;,&quot;overlay_background&quot;:&quot;yes&quot;,&quot;content_hover_animation&quot;:&quot;fade-in&quot;,&quot;_ob_perspektive_use&quot;:&quot;no&quot;,&quot;_ob_poopart_use&quot;:&quot;yes&quot;,&quot;_ob_shadough_use&quot;:&quot;no&quot;,&quot;_ob_allow_hoveranimator&quot;:&quot;no&quot;,&quot;_ob_widget_stalker_use&quot;:&quot;no&quot;}\" data-widget_type=\"gallery.default\">\n\t\t\t\t<div class=\"elementor-widget-container\">\n\t\t\t\t\t<div class=\"elementor-gallery__container\">\n\t\t\t\t\t\t\t<a class=\"e-gallery-item elementor-gallery-item elementor-animated-content\" href=\"https:\/\/stuffinocrisan.ro\/wp-content\/uploads\/2021\/02\/1.jpeg\" data-elementor-open-lightbox=\"yes\" data-elementor-lightbox-slideshow=\"all-fc33256\" data-elementor-lightbox-title=\"1\">\n\t\t\t\t\t<div class=\"e-gallery-image elementor-gallery-item__image\" data-thumbnail=\"https:\/\/stuffinocrisan.ro\/wp-content\/uploads\/2021\/02\/1.jpeg\" data-width=\"720\" data-height=\"960\" alt=\"\" ><\/div>\n\t\t\t\t\t\t\t\t\t\t<div class=\"elementor-gallery-item__overlay\"><\/div>\n\t\t\t\t\t\t\t\t\t\t\t\t\t\t<\/a>\n\t\t\t\t\t\t\t<a class=\"e-gallery-item elementor-gallery-item elementor-animated-content\" href=\"https:\/\/stuffinocrisan.ro\/wp-content\/uploads\/2021\/02\/ciorba-peste.jpg\" data-elementor-open-lightbox=\"yes\" data-elementor-lightbox-slideshow=\"all-fc33256\" data-elementor-lightbox-title=\"ciorba-peste\">\n\t\t\t\t\t<div class=\"e-gallery-image elementor-gallery-item__image\" data-thumbnail=\"https:\/\/stuffinocrisan.ro\/wp-content\/uploads\/2021\/02\/ciorba-peste.jpg\" data-width=\"640\" data-height=\"838\" alt=\"\" ><\/div>\n\t\t\t\t\t\t\t\t\t\t<div class=\"elementor-gallery-item__overlay\"><\/div>\n\t\t\t\t\t\t\t\t\t\t\t\t\t\t<\/a>\n\t\t\t\t\t\t\t<a class=\"e-gallery-item elementor-gallery-item elementor-animated-content\" href=\"https:\/\/stuffinocrisan.ro\/wp-content\/uploads\/2021\/02\/20191109_162334.jpg\" data-elementor-open-lightbox=\"yes\" data-elementor-lightbox-slideshow=\"all-fc33256\" data-elementor-lightbox-title=\"20191109_162334\">\n\t\t\t\t\t<div class=\"e-gallery-image elementor-gallery-item__image\" data-thumbnail=\"https:\/\/stuffinocrisan.ro\/wp-content\/uploads\/2021\/02\/20191109_162334.jpg\" data-width=\"750\" data-height=\"1000\" alt=\"\" ><\/div>\n\t\t\t\t\t\t\t\t\t\t<div class=\"elementor-gallery-item__overlay\"><\/div>\n\t\t\t\t\t\t\t\t\t\t\t\t\t\t<\/a>\n\t\t\t\t\t\t\t<a class=\"e-gallery-item elementor-gallery-item elementor-animated-content\" href=\"https:\/\/stuffinocrisan.ro\/wp-content\/uploads\/2021\/02\/20191018_161235.jpg\" data-elementor-open-lightbox=\"yes\" data-elementor-lightbox-slideshow=\"all-fc33256\" data-elementor-lightbox-title=\"20191018_161235\">\n\t\t\t\t\t<div class=\"e-gallery-image elementor-gallery-item__image\" data-thumbnail=\"https:\/\/stuffinocrisan.ro\/wp-content\/uploads\/2021\/02\/20191018_161235.jpg\" data-width=\"750\" data-height=\"1000\" alt=\"\" ><\/div>\n\t\t\t\t\t\t\t\t\t\t<div class=\"elementor-gallery-item__overlay\"><\/div>\n\t\t\t\t\t\t\t\t\t\t\t\t\t\t<\/a>\n\t\t\t\t\t\t\t<a class=\"e-gallery-item elementor-gallery-item elementor-animated-content\" href=\"https:\/\/stuffinocrisan.ro\/wp-content\/uploads\/2021\/02\/peste-prajit-malai.jpg\" data-elementor-open-lightbox=\"yes\" data-elementor-lightbox-slideshow=\"all-fc33256\" data-elementor-lightbox-title=\"peste-prajit-malai\">\n\t\t\t\t\t<div class=\"e-gallery-image elementor-gallery-item__image\" data-thumbnail=\"https:\/\/stuffinocrisan.ro\/wp-content\/uploads\/2021\/02\/peste-prajit-malai.jpg\" data-width=\"1200\" data-height=\"900\" alt=\"\" ><\/div>\n\t\t\t\t\t\t\t\t\t\t<div class=\"elementor-gallery-item__overlay\"><\/div>\n\t\t\t\t\t\t\t\t\t\t\t\t\t\t<\/a>\n\t\t\t\t\t\t\t<a class=\"e-gallery-item elementor-gallery-item elementor-animated-content\" href=\"https:\/\/stuffinocrisan.ro\/wp-content\/uploads\/2021\/02\/peste-prajit-rotated.jpg\" data-elementor-open-lightbox=\"yes\" data-elementor-lightbox-slideshow=\"all-fc33256\" data-elementor-lightbox-title=\"peste prajit\">\n\t\t\t\t\t<div class=\"e-gallery-image elementor-gallery-item__image\" data-thumbnail=\"https:\/\/stuffinocrisan.ro\/wp-content\/uploads\/2021\/02\/peste-prajit-rotated.jpg\" data-width=\"1440\" data-height=\"1072\" alt=\"\" ><\/div>\n\t\t\t\t\t\t\t\t\t\t<div class=\"elementor-gallery-item__overlay\"><\/div>\n\t\t\t\t\t\t\t\t\t\t\t\t\t\t<\/a>\n\t\t\t\t\t<\/div>\n\t\t\t<\/div>\n\t\t\t\t<\/div>\n\t\t\t\t\t\t<\/div>\n\t\t\t\t\t<\/div>\n\t\t<\/div>\n\t\t\t\t\t\t\t\t<\/div>\n\t\t\t\t\t<\/div>\n\t\t<\/section>\n\t\t\t\t\t\t<\/div>\n\t\t\t\t\t\t<\/div>\n\t\t\t\t\t<\/div>","protected":false},"excerpt":{"rendered":"<p>Servicii de mas\u0103 \u00a0 Oferta speciala &#8211; cazare cu mic dejun si pranz incluse !\u00a0 \u00a0 \u00a0 \u00a0Tarif:\u00a0 280 lei \/ zi \/ persoana &#8211; Mic dejun continental cu specific pescaresc &#8211; servit intre orele 07.00 &#8211; 10.00 &#8211; Pranz servit tarziu ce include ciorbe pescaresti, fel principal cu peste local si desert delicios &#8211; [&hellip;]<\/p>","protected":false},"author":1,"featured_media":0,"parent":0,"menu_order":0,"comment_status":"closed","ping_status":"closed","template":"","meta":[],"_links":{"self":[{"href":"https:\/\/stuffinocrisan.ro\/en\/wp-json\/wp\/v2\/pages\/1308"}],"collection":[{"href":"https:\/\/stuffinocrisan.ro\/en\/wp-json\/wp\/v2\/pages"}],"about":[{"href":"https:\/\/stuffinocrisan.ro\/en\/wp-json\/wp\/v2\/types\/page"}],"author":[{"embeddable":true,"href":"https:\/\/stuffinocrisan.ro\/en\/wp-json\/wp\/v2\/users\/1"}],"replies":[{"embeddable":true,"href":"https:\/\/stuffinocrisan.ro\/en\/wp-json\/wp\/v2\/comments?post=1308"}],"version-history":[{"count":243,"href":"https:\/\/stuffinocrisan.ro\/en\/wp-json\/wp\/v2\/pages\/1308\/revisions"}],"predecessor-version":[{"id":2641,"href":"https:\/\/stuffinocrisan.ro\/en\/wp-json\/wp\/v2\/pages\/1308\/revisions\/2641"}],"wp:attachment":[{"href":"https:\/\/stuffinocrisan.ro\/en\/wp-json\/wp\/v2\/media?parent=1308"}],"curies":[{"name":"wp","href":"https:\/\/api.w.org\/{rel}","templated":true}]}}